{"id":1725,"date":"2022-12-22T16:48:10","date_gmt":"2022-12-22T15:48:10","guid":{"rendered":"https:\/\/alboia.it\/?page_id=1725"},"modified":"2022-12-22T17:03:39","modified_gmt":"2022-12-22T16:03:39","slug":"privacy-policy","status":"publish","type":"page","link":"https:\/\/alboia.it\/it\/privacy-policy\/","title":{"rendered":"Privacy Policy"},"content":{"rendered":"\n<style type=\"text\/css\" data-created_by=\"avia_inline_auto\" id=\"style-css-av-av_one_full-1b2e78e327ef280bb2d47d5af80f7c05\">\n.flex_column.av-av_one_full-1b2e78e327ef280bb2d47d5af80f7c05{\nborder-radius:0px 0px 0px 0px;\npadding:35px 0px 0px 0px;\n}\n<\/style>\n<div  class='flex_column av-av_one_full-1b2e78e327ef280bb2d47d5af80f7c05 av_one_full  avia-builder-el-0  el_before_av_section  avia-builder-el-no-sibling  first flex_column_div  '     ><p>\n<style type=\"text\/css\" data-created_by=\"avia_inline_auto\" id=\"style-css-av-av_heading-be66ad61001fd87b82524d7fa4ec1bfe\">\n#top .av-special-heading.av-av_heading-be66ad61001fd87b82524d7fa4ec1bfe{\npadding-bottom:20px;\n}\nbody .av-special-heading.av-av_heading-be66ad61001fd87b82524d7fa4ec1bfe .av-special-heading-tag .heading-char{\nfont-size:25px;\n}\n.av-special-heading.av-av_heading-be66ad61001fd87b82524d7fa4ec1bfe .av-subheading{\nfont-size:15px;\n}\n<\/style>\n<div  class='av-special-heading av-av_heading-be66ad61001fd87b82524d7fa4ec1bfe av-special-heading-h1  avia-builder-el-1  el_before_av_textblock  avia-builder-el-first '><h1 class='av-special-heading-tag '  itemprop=\"headline\"  >Privacy Policy<\/h1><div class=\"special-heading-border\"><div class=\"special-heading-inner-border\"><\/div><\/div><\/div><br \/>\n\n<style type=\"text\/css\" data-created_by=\"avia_inline_auto\" id=\"style-css-av-av_textblock-3130868b18a77617147229b99b9c812e\">\n#top .av_textblock_section.av-av_textblock-3130868b18a77617147229b99b9c812e .avia_textblock{\nfont-size:15px;\n}\n<\/style>\n<section  class='av_textblock_section av-av_textblock-3130868b18a77617147229b99b9c812e '   itemscope=\"itemscope\" itemtype=\"https:\/\/schema.org\/CreativeWork\" ><div class='avia_textblock'  itemprop=\"text\" ><p>Ai sensi dell\u2019art. 13 del Regolamento (UE) 2016\/679 relativo alla protezione delle persone fisiche con riguardo al trattamento dei dati personali e della raccomandazione n. 2\/2001 relativa ai requisiti minimi per la raccolta di dati on-line nell\u2019UE<\/p>\n<\/div><\/section><\/p><\/div>\n<\/div><\/div><\/div><!-- close content main div --><\/div><\/div>\n<style type=\"text\/css\" data-created_by=\"avia_inline_auto\" id=\"style-css-av-av_section-eca8a3047c816a29574cf6dd5627e599\">\n.avia-section.av-av_section-eca8a3047c816a29574cf6dd5627e599{\nbackground-color:#e8e8e8;\nbackground-image:unset;\n}\n<\/style>\n<div id='av_section_1'  class='avia-section av-av_section-eca8a3047c816a29574cf6dd5627e599 main_color avia-section-default avia-no-shadow  avia-builder-el-3  el_after_av_one_full  avia-builder-el-last  avia-bg-style-scroll container_wrap fullsize'  ><div class='container av-section-cont-open' ><div class='template-page content  av-content-full alpha units'><div class='post-entry post-entry-type-page post-entry-1725'><div class='entry-content-wrapper clearfix'>\n\n<style type=\"text\/css\" data-created_by=\"avia_inline_auto\" id=\"style-css-av-av_textblock-3130868b18a77617147229b99b9c812e\">\n#top .av_textblock_section.av-av_textblock-3130868b18a77617147229b99b9c812e .avia_textblock{\nfont-size:15px;\n}\n<\/style>\n<section  class='av_textblock_section av-av_textblock-3130868b18a77617147229b99b9c812e '   itemscope=\"itemscope\" itemtype=\"https:\/\/schema.org\/CreativeWork\" ><div class='avia_textblock'  itemprop=\"text\" ><p>1. Titolare del trattamento dei dati personali<\/p>\n<p>Marco Arnone<br \/>\nI-39012 Merano (BZ)<br \/>\nvicolo Ortenstein,\u00a09<br \/>\nTel. +39 329 8782673<br \/>\nAlto Adige \u2013 Italia<br \/>\nCod. Fisc. + Part. IVA: 02944960216<\/p>\n<p>Responsabile della Protezione dei Dati Personali<\/p>\n<p>Marco Arnone<br \/>\nI-39012 Merano (BZ)<br \/>\nvicolo Ortenstein,\u00a09<br \/>\nTel. +39 329 8782673<br \/>\nAlto Adige \u2013 Italia<br \/>\nCod. Fisc. + Part. IVA: 02944960216<\/p>\n<p>La presente informativa privacy intende fornire informazioni circa il trattamento, le finalit\u00e0, le modalit\u00e0 e, in generale, la gestione dei dati raccolti tramite il sito web www.henkerhaus.it (di seguito, per brevit\u00e0, il Sito Web). La presente informativa privacy riguarda unicamente il presente Sito Web, escludendo quindi ulteriori pagine visitabili tramite collegamento (link).<\/p>\n<p>2. Finalit\u00e0 del trattamento e base giuridica<br \/>\nIl Titolare del trattamento garantisce nell\u2019ambito delle previsioni normative che il trattamento dei dati personali tramite il Sito Web si svolge nel rispetto dei diritti e delle libert\u00e0 fondamentali, nonch\u00e9 della dignit\u00e0 dell\u2019interessato\/a, con particolare riferimento alla riservatezza, all\u2019identit\u00e0 personale e al diritto alla protezione dei dati personali.<br \/>\nNel rispetto delle condizioni di liceit\u00e0 previste all\u2019art. 6 del GDPR 2016\/679, i dati personali da Lei forniti attraverso il Sito Web potranno essere trattati esclusivamente per le seguenti finalit\u00e0:<br \/>\na) Iscrizione Newsletter<br \/>\nL\u2019interessato ha prestato il proprio consenso esplicito al trattamento di tali dati personali per una o pi\u00f9 finalit\u00e0 specifiche [\u2026] \u2013 art. 6, comma 1, lett. a) del GDPR 2016\/67).<\/p>\n<p>3. Tipologia di dati trattati<br \/>\nPer le finalit\u00e0 sopra citate possono essere oggetto di trattamento principalmente:<br \/>\na. dati personali di natura comune (es. nome, cognome, numero di telefono e indirizzo di posta elettronica);<\/p>\n<p>4. Modalit\u00e0 di trattamento<br \/>\nIl trattamento sar\u00e0 effettuato:<br \/>\na. dal solo personale autorizzato per lo svolgimento delle attivit\u00e0 di trattamento;<br \/>\nb. mediante l\u2019utilizzo di sistemi manuali e elettronici;<br \/>\nc. da soggetti autorizzati all\u2019assolvimento di tali compiti ai sensi di legge;<br \/>\nd. con l\u2019impiego di misure organizzative e tecniche adeguate a garantire la riservatezza dei dati ed evitare l\u2019accesso agli stessi da parte di terzi non autorizzati.<br \/>\nI Suoi dati non saranno inseriti in processi decisionali automatizzati.<\/p>\n<p>5. Periodo di conservazione dei dati personali<br \/>\nI dati da Lei forniti saranno conservati per il periodo strettamente necessario al perseguimento delle finalit\u00e0 ovvero fino alla revoca del consenso prestato.<\/p>\n<p>6. Diffusione e comunicazione dei dati personali<br \/>\nI Suoi dati personali non saranno diffusi. Tuttavia gli stessi potranno essere comunicati a terzi:<br \/>\na. alle Pubbliche Amministrazioni e Autorit\u00e0, ove previsto dalla legge;<br \/>\nb. fornitori di servizi e soggetti terzi in rapporto contrattuale con il Titolare nominati quali \u201cResponsabili del trattamento\u201d ex art. 28 del GDPR e tenuti al rispetto degli obblighi in materia di protezione dei dati, in virt\u00f9 di un apposito atto stipulato con il Titolare;<br \/>\nc. soggetti giuridici legittimati ad accedere ai dati in forza di disposizioni di legge, normative e regolamentari<\/p>\n<p>7. Diritti degli interessati<br \/>\nLei ha diritto di richiedere al Titolare del trattamento i diritti di cui agli artt. 15 e ss. del GDPR 2016\/679:<br \/>\n\u2013 L\u2019accesso ai Suoi dati ed informazioni;<br \/>\n\u2013 la rettifica e la cancellazione (\u201cdiritto all\u2019oblio\u201d) dei dati;<br \/>\n\u2013 la limitazione del trattamento e la possibilit\u00e0 di opporsi al trattamento;<br \/>\n\u2013 la portabilit\u00e0 dei dati;<br \/>\n\u2013 la revoca al consenso del trattamento.<\/p>\n<p>Qualora ritenga che i suoi diritti sono stati violati, Lei ha la facolt\u00e0 e il diritto di esporre reclamo all\u2019Autorit\u00e0 GPDP per la tutela dei dati personali: <a href=\"https:\/\/www.garanteprivacy.it\" target=\"_blank\" rel=\"noopener\">www.garanteprivacy.it<\/a><\/p>\n<\/div><\/section>\n\n","protected":false},"excerpt":{"rendered":"","protected":false},"author":5025,"featured_media":0,"parent":0,"menu_order":0,"comment_status":"closed","ping_status":"closed","template":"","meta":{"_joinchat":[],"footnotes":""},"class_list":["post-1725","page","type-page","status-publish","hentry"],"yoast_head":"<!-- This site is optimized with the Yoast SEO plugin v27.3 - https:\/\/yoast.com\/product\/yoast-seo-wordpress\/ -->\n<title>Privacy Policy - Trattoria Al Boia Partanes<\/title>\n<meta name=\"robots\" content=\"index, follow, max-snippet:-1, max-image-preview:large, max-video-preview:-1\" \/>\n<link rel=\"canonical\" href=\"https:\/\/alboia.it\/it\/privacy-policy\/\" \/>\n<meta property=\"og:locale\" content=\"it_IT\" \/>\n<meta property=\"og:type\" content=\"article\" \/>\n<meta property=\"og:title\" content=\"Privacy Policy - Trattoria Al Boia Partanes\" \/>\n<meta property=\"og:url\" content=\"https:\/\/alboia.it\/it\/privacy-policy\/\" \/>\n<meta property=\"og:site_name\" content=\"Trattoria Al Boia Partanes\" \/>\n<meta property=\"article:publisher\" content=\"https:\/\/www.facebook.com\/alboiamerano.henkerhausmeran\/\" \/>\n<meta property=\"article:modified_time\" content=\"2022-12-22T16:03:39+00:00\" \/>\n<meta name=\"twitter:card\" content=\"summary_large_image\" \/>\n<script type=\"application\/ld+json\" class=\"yoast-schema-graph\">{\"@context\":\"https:\\\/\\\/schema.org\",\"@graph\":[{\"@type\":\"WebPage\",\"@id\":\"https:\\\/\\\/alboia.it\\\/it\\\/privacy-policy\\\/\",\"url\":\"https:\\\/\\\/alboia.it\\\/it\\\/privacy-policy\\\/\",\"name\":\"Privacy Policy - Trattoria Al Boia Partanes\",\"isPartOf\":{\"@id\":\"https:\\\/\\\/alboia.it\\\/it\\\/#website\"},\"datePublished\":\"2022-12-22T15:48:10+00:00\",\"dateModified\":\"2022-12-22T16:03:39+00:00\",\"breadcrumb\":{\"@id\":\"https:\\\/\\\/alboia.it\\\/it\\\/privacy-policy\\\/#breadcrumb\"},\"inLanguage\":\"it-IT\",\"potentialAction\":[{\"@type\":\"ReadAction\",\"target\":[\"https:\\\/\\\/alboia.it\\\/it\\\/privacy-policy\\\/\"]}]},{\"@type\":\"BreadcrumbList\",\"@id\":\"https:\\\/\\\/alboia.it\\\/it\\\/privacy-policy\\\/#breadcrumb\",\"itemListElement\":[{\"@type\":\"ListItem\",\"position\":1,\"name\":\"Startseite\",\"item\":\"https:\\\/\\\/alboia.it\\\/it\\\/trattoria-al-boia-partanes\\\/\"},{\"@type\":\"ListItem\",\"position\":2,\"name\":\"Privacy Policy\"}]},{\"@type\":\"WebSite\",\"@id\":\"https:\\\/\\\/alboia.it\\\/it\\\/#website\",\"url\":\"https:\\\/\\\/alboia.it\\\/it\\\/\",\"name\":\"Trattoria Al Boia Partanes\",\"description\":\"La Trattoria nel Centro Storico di Merano\",\"publisher\":{\"@id\":\"https:\\\/\\\/alboia.it\\\/it\\\/#organization\"},\"potentialAction\":[{\"@type\":\"SearchAction\",\"target\":{\"@type\":\"EntryPoint\",\"urlTemplate\":\"https:\\\/\\\/alboia.it\\\/it\\\/?s={search_term_string}\"},\"query-input\":{\"@type\":\"PropertyValueSpecification\",\"valueRequired\":true,\"valueName\":\"search_term_string\"}}],\"inLanguage\":\"it-IT\"},{\"@type\":\"Organization\",\"@id\":\"https:\\\/\\\/alboia.it\\\/it\\\/#organization\",\"name\":\"Trattoria Al Boia Merano Henkerhaus Meran\",\"url\":\"https:\\\/\\\/alboia.it\\\/it\\\/\",\"logo\":{\"@type\":\"ImageObject\",\"inLanguage\":\"it-IT\",\"@id\":\"https:\\\/\\\/alboia.it\\\/it\\\/#\\\/schema\\\/logo\\\/image\\\/\",\"url\":\"https:\\\/\\\/alboia.it\\\/wp-content\\\/uploads\\\/2017\\\/02\\\/trattoria-al-boia-merano-henkerhaus-meran.png\",\"contentUrl\":\"https:\\\/\\\/alboia.it\\\/wp-content\\\/uploads\\\/2017\\\/02\\\/trattoria-al-boia-merano-henkerhaus-meran.png\",\"width\":1030,\"height\":687,\"caption\":\"Trattoria Al Boia Merano Henkerhaus Meran\"},\"image\":{\"@id\":\"https:\\\/\\\/alboia.it\\\/it\\\/#\\\/schema\\\/logo\\\/image\\\/\"},\"sameAs\":[\"https:\\\/\\\/www.facebook.com\\\/alboiamerano.henkerhausmeran\\\/\"]}]}<\/script>\n<!-- \/ Yoast SEO plugin. -->","yoast_head_json":{"title":"Privacy Policy - Trattoria Al Boia Partanes","robots":{"index":"index","follow":"follow","max-snippet":"max-snippet:-1","max-image-preview":"max-image-preview:large","max-video-preview":"max-video-preview:-1"},"canonical":"https:\/\/alboia.it\/it\/privacy-policy\/","og_locale":"it_IT","og_type":"article","og_title":"Privacy Policy - Trattoria Al Boia Partanes","og_url":"https:\/\/alboia.it\/it\/privacy-policy\/","og_site_name":"Trattoria Al Boia Partanes","article_publisher":"https:\/\/www.facebook.com\/alboiamerano.henkerhausmeran\/","article_modified_time":"2022-12-22T16:03:39+00:00","twitter_card":"summary_large_image","schema":{"@context":"https:\/\/schema.org","@graph":[{"@type":"WebPage","@id":"https:\/\/alboia.it\/it\/privacy-policy\/","url":"https:\/\/alboia.it\/it\/privacy-policy\/","name":"Privacy Policy - Trattoria Al Boia Partanes","isPartOf":{"@id":"https:\/\/alboia.it\/it\/#website"},"datePublished":"2022-12-22T15:48:10+00:00","dateModified":"2022-12-22T16:03:39+00:00","breadcrumb":{"@id":"https:\/\/alboia.it\/it\/privacy-policy\/#breadcrumb"},"inLanguage":"it-IT","potentialAction":[{"@type":"ReadAction","target":["https:\/\/alboia.it\/it\/privacy-policy\/"]}]},{"@type":"BreadcrumbList","@id":"https:\/\/alboia.it\/it\/privacy-policy\/#breadcrumb","itemListElement":[{"@type":"ListItem","position":1,"name":"Startseite","item":"https:\/\/alboia.it\/it\/trattoria-al-boia-partanes\/"},{"@type":"ListItem","position":2,"name":"Privacy Policy"}]},{"@type":"WebSite","@id":"https:\/\/alboia.it\/it\/#website","url":"https:\/\/alboia.it\/it\/","name":"Trattoria Al Boia Partanes","description":"La Trattoria nel Centro Storico di Merano","publisher":{"@id":"https:\/\/alboia.it\/it\/#organization"},"potentialAction":[{"@type":"SearchAction","target":{"@type":"EntryPoint","urlTemplate":"https:\/\/alboia.it\/it\/?s={search_term_string}"},"query-input":{"@type":"PropertyValueSpecification","valueRequired":true,"valueName":"search_term_string"}}],"inLanguage":"it-IT"},{"@type":"Organization","@id":"https:\/\/alboia.it\/it\/#organization","name":"Trattoria Al Boia Merano Henkerhaus Meran","url":"https:\/\/alboia.it\/it\/","logo":{"@type":"ImageObject","inLanguage":"it-IT","@id":"https:\/\/alboia.it\/it\/#\/schema\/logo\/image\/","url":"https:\/\/alboia.it\/wp-content\/uploads\/2017\/02\/trattoria-al-boia-merano-henkerhaus-meran.png","contentUrl":"https:\/\/alboia.it\/wp-content\/uploads\/2017\/02\/trattoria-al-boia-merano-henkerhaus-meran.png","width":1030,"height":687,"caption":"Trattoria Al Boia Merano Henkerhaus Meran"},"image":{"@id":"https:\/\/alboia.it\/it\/#\/schema\/logo\/image\/"},"sameAs":["https:\/\/www.facebook.com\/alboiamerano.henkerhausmeran\/"]}]}},"_links":{"self":[{"href":"https:\/\/alboia.it\/it\/wp-json\/wp\/v2\/pages\/1725","targetHints":{"allow":["GET"]}}],"collection":[{"href":"https:\/\/alboia.it\/it\/wp-json\/wp\/v2\/pages"}],"about":[{"href":"https:\/\/alboia.it\/it\/wp-json\/wp\/v2\/types\/page"}],"author":[{"embeddable":true,"href":"https:\/\/alboia.it\/it\/wp-json\/wp\/v2\/users\/5025"}],"replies":[{"embeddable":true,"href":"https:\/\/alboia.it\/it\/wp-json\/wp\/v2\/comments?post=1725"}],"version-history":[{"count":0,"href":"https:\/\/alboia.it\/it\/wp-json\/wp\/v2\/pages\/1725\/revisions"}],"wp:attachment":[{"href":"https:\/\/alboia.it\/it\/wp-json\/wp\/v2\/media?parent=1725"}],"curies":[{"name":"wp","href":"https:\/\/api.w.org\/{rel}","templated":true}]}}